{"id":4285,"date":"2023-09-27T17:12:07","date_gmt":"2023-09-27T17:12:07","guid":{"rendered":"https:\/\/talleresrusogiraut.es\/?page_id=4285"},"modified":"2024-09-05T16:54:36","modified_gmt":"2024-09-05T16:54:36","slug":"sobre_nosotros","status":"publish","type":"page","link":"https:\/\/talleresrusogiraut.es\/gl\/sobre_nosotros\/","title":{"rendered":"Sobre N\u00f3s"},"content":{"rendered":"<div data-elementor-type=\"wp-page\" data-elementor-id=\"4285\" class=\"elementor elementor-4285\">\n\t\t\t\t\t\t<section class=\"elementor-section elementor-top-section elementor-element elementor-element-6c1950a elementor-section-full_width elementor-section-height-min-height elementor-section-height-default elementor-section-items-middle\" data-id=\"6c1950a\" data-element_type=\"section\" data-settings=\"{&quot;background_background&quot;:&quot;classic&quot;}\">\n\t\t\t\t\t\t\t<div class=\"elementor-background-overlay\"><\/div>\n\t\t\t\t\t\t\t<div class=\"elementor-container elementor-column-gap-default\">\n\t\t\t\t\t<div class=\"elementor-column elementor-col-100 elementor-top-column elementor-element elementor-element-0322c6f\" data-id=\"0322c6f\" data-element_type=\"column\">\n\t\t\t<div class=\"elementor-widget-wrap elementor-element-populated\">\n\t\t\t\t\t\t<section class=\"elementor-section elementor-inner-section elementor-element elementor-element-f39fc33 elementor-section-boxed elementor-section-height-default elementor-section-height-default\" data-id=\"f39fc33\" data-element_type=\"section\">\n\t\t\t\t\t\t<div class=\"elementor-container elementor-column-gap-default\">\n\t\t\t\t\t<div class=\"elementor-column elementor-col-100 elementor-inner-column elementor-element elementor-element-c6cf386\" data-id=\"c6cf386\" data-element_type=\"column\">\n\t\t\t<div class=\"elementor-widget-wrap elementor-element-populated\">\n\t\t\t\t\t\t<div class=\"elementor-element elementor-element-41fb52e elementor-widget__width-initial elementor-widget elementor-widget-heading\" data-id=\"41fb52e\" data-element_type=\"widget\" data-widget_type=\"heading.default\">\n\t\t\t\t<div class=\"elementor-widget-container\">\n\t\t\t\t\t<h1 class=\"elementor-heading-title elementor-size-default\">Sobre n\u00f3s<\/h1>\t\t\t\t<\/div>\n\t\t\t\t<\/div>\n\t\t\t\t\t<\/div>\n\t\t<\/div>\n\t\t\t\t\t<\/div>\n\t\t<\/section>\n\t\t\t\t\t<\/div>\n\t\t<\/div>\n\t\t\t\t\t<\/div>\n\t\t<\/section>\n\t\t\t\t<section class=\"elementor-section elementor-top-section elementor-element elementor-element-e38b98e elementor-section-boxed elementor-section-height-default elementor-section-height-default\" data-id=\"e38b98e\" data-element_type=\"section\" data-settings=\"{&quot;background_background&quot;:&quot;classic&quot;}\">\n\t\t\t\t\t\t<div class=\"elementor-container elementor-column-gap-default\">\n\t\t\t\t\t<div class=\"elementor-column elementor-col-100 elementor-top-column elementor-element elementor-element-5908ca9\" data-id=\"5908ca9\" data-element_type=\"column\">\n\t\t\t<div class=\"elementor-widget-wrap elementor-element-populated\">\n\t\t\t\t\t\t<div class=\"elementor-element elementor-element-9b38e9e elementor-widget elementor-widget-heading\" data-id=\"9b38e9e\" data-element_type=\"widget\" data-widget_type=\"heading.default\">\n\t\t\t\t<div class=\"elementor-widget-container\">\n\t\t\t\t\t<h2 class=\"elementor-heading-title elementor-size-default\">+60 anos de experiencia no sector<\/h2>\t\t\t\t<\/div>\n\t\t\t\t<\/div>\n\t\t\t\t\t<\/div>\n\t\t<\/div>\n\t\t\t\t\t<\/div>\n\t\t<\/section>\n\t\t\t\t<section class=\"elementor-section elementor-top-section elementor-element elementor-element-c7268fa elementor-section-boxed elementor-section-height-default elementor-section-height-default\" data-id=\"c7268fa\" data-element_type=\"section\" data-settings=\"{&quot;background_background&quot;:&quot;classic&quot;}\">\n\t\t\t\t\t\t<div class=\"elementor-container elementor-column-gap-default\">\n\t\t\t\t\t<div class=\"elementor-column elementor-col-100 elementor-top-column elementor-element elementor-element-6c9f764\" data-id=\"6c9f764\" data-element_type=\"column\">\n\t\t\t<div class=\"elementor-widget-wrap elementor-element-populated\">\n\t\t\t\t\t\t<div class=\"elementor-element elementor-element-6121057 elementor-widget elementor-widget-heading\" data-id=\"6121057\" data-element_type=\"widget\" data-widget_type=\"heading.default\">\n\t\t\t\t<div class=\"elementor-widget-container\">\n\t\t\t\t\t<h2 class=\"elementor-heading-title elementor-size-default\">Por que ESCOLLERNOS?<\/h2>\t\t\t\t<\/div>\n\t\t\t\t<\/div>\n\t\t\t\t<section class=\"elementor-section elementor-inner-section elementor-element elementor-element-d41adff elementor-section-content-middle elementor-section-boxed elementor-section-height-default elementor-section-height-default\" data-id=\"d41adff\" data-element_type=\"section\">\n\t\t\t\t\t\t<div class=\"elementor-container elementor-column-gap-default\">\n\t\t\t\t\t<div class=\"elementor-column elementor-col-100 elementor-inner-column elementor-element elementor-element-25cb7b5\" data-id=\"25cb7b5\" data-element_type=\"column\" data-settings=\"{&quot;background_background&quot;:&quot;classic&quot;}\">\n\t\t\t<div class=\"elementor-widget-wrap elementor-element-populated\">\n\t\t\t\t\t\t<div class=\"elementor-element elementor-element-42d0a36 elementor-widget elementor-widget-spacer\" data-id=\"42d0a36\" data-element_type=\"widget\" data-widget_type=\"spacer.default\">\n\t\t\t\t<div class=\"elementor-widget-container\">\n\t\t\t\t\t\t\t<div class=\"elementor-spacer\">\n\t\t\t<div class=\"elementor-spacer-inner\"><\/div>\n\t\t<\/div>\n\t\t\t\t\t\t<\/div>\n\t\t\t\t<\/div>\n\t\t\t\t<div class=\"elementor-element elementor-element-77172c2 elementor-view-default elementor-position-top elementor-mobile-position-top elementor-widget elementor-widget-icon-box\" data-id=\"77172c2\" data-element_type=\"widget\" data-widget_type=\"icon-box.default\">\n\t\t\t\t<div class=\"elementor-widget-container\">\n\t\t\t\t\t\t\t<div class=\"elementor-icon-box-wrapper\">\n\n\t\t\t\t\t\t<div class=\"elementor-icon-box-icon\">\n\t\t\t\t<a href=\"https:\/\/talleresrusogiraut.es\/gl\/taller\/\" class=\"elementor-icon\" tabindex=\"-1\" aria-label=\"O teu taller de confianza\">\n\t\t\t\t<i aria-hidden=\"true\" class=\"far fa-hand-point-right\"><\/i>\t\t\t\t<\/a>\n\t\t\t<\/div>\n\t\t\t\n\t\t\t\t\t\t<div class=\"elementor-icon-box-content\">\n\n\t\t\t\t\t\t\t\t\t<h3 class=\"elementor-icon-box-title\">\n\t\t\t\t\t\t<a href=\"https:\/\/talleresrusogiraut.es\/gl\/taller\/\" >\n\t\t\t\t\t\t\tO teu taller de confianza\t\t\t\t\t\t<\/a>\n\t\t\t\t\t<\/h3>\n\t\t\t\t\n\t\t\t\t\t\t\t\t\t<p class=\"elementor-icon-box-description\">\n\t\t\t\t\t\tSomos conscientes de que ao momento de <b>elexir un taller de confianza<\/b>, os clientes sempre optan polo boca a boca ou buscan opini\u00f3ns en Internet. \u00c9 normal, dado que queres deixar o teu veh\u00edculo nas mellores mans posibles para que sempre est\u00e9 ben atendido, con todo a punto e pagando o m\u00ednimo posible.<br><br>\n\nEn Talleres Ruso Giraut ofrec\u00e9mosche todo isto e moito m\u00e1is. O noso <b>anos de experiencia<\/b> permit\u00edronnos posicionarnos como un dos principais talleres na zona de Negreira e Santiago de Compostela.<br><br>\n\nContamos con <b>especialistas en mec\u00e1nica, chapa, pintura e electricidade para reparar calquer aver\u00eda que xurda no teu veh\u00edculo. As\u00ed como preparalo para pasar a ITV con \u00e9xito, para que non te\u00f1as ning\u00fan tipo de problema.<\/b>\t\t\t\t\t<\/p>\n\t\t\t\t\n\t\t\t<\/div>\n\t\t\t\n\t\t<\/div>\n\t\t\t\t\t\t<\/div>\n\t\t\t\t<\/div>\n\t\t\t\t\t<\/div>\n\t\t<\/div>\n\t\t\t\t\t<\/div>\n\t\t<\/section>\n\t\t\t\t<section class=\"elementor-section elementor-inner-section elementor-element elementor-element-77984b4 elementor-section-content-middle elementor-section-boxed elementor-section-height-default elementor-section-height-default\" data-id=\"77984b4\" data-element_type=\"section\">\n\t\t\t\t\t\t<div class=\"elementor-container elementor-column-gap-default\">\n\t\t\t\t\t<div class=\"elementor-column elementor-col-100 elementor-inner-column elementor-element elementor-element-b950931\" data-id=\"b950931\" data-element_type=\"column\" data-settings=\"{&quot;background_background&quot;:&quot;classic&quot;}\">\n\t\t\t<div class=\"elementor-widget-wrap elementor-element-populated\">\n\t\t\t\t\t\t<div class=\"elementor-element elementor-element-22d187d elementor-widget elementor-widget-spacer\" data-id=\"22d187d\" data-element_type=\"widget\" data-widget_type=\"spacer.default\">\n\t\t\t\t<div class=\"elementor-widget-container\">\n\t\t\t\t\t\t\t<div class=\"elementor-spacer\">\n\t\t\t<div class=\"elementor-spacer-inner\"><\/div>\n\t\t<\/div>\n\t\t\t\t\t\t<\/div>\n\t\t\t\t<\/div>\n\t\t\t\t<div class=\"elementor-element elementor-element-239ae37 elementor-view-default elementor-position-top elementor-mobile-position-top elementor-widget elementor-widget-icon-box\" data-id=\"239ae37\" data-element_type=\"widget\" data-widget_type=\"icon-box.default\">\n\t\t\t\t<div class=\"elementor-widget-container\">\n\t\t\t\t\t\t\t<div class=\"elementor-icon-box-wrapper\">\n\n\t\t\t\t\t\t<div class=\"elementor-icon-box-icon\">\n\t\t\t\t<a href=\"https:\/\/talleresrusogiraut.es\/gl\/taller\/\" class=\"elementor-icon\" tabindex=\"-1\" aria-label=\"O teu taller en Negreira\">\n\t\t\t\t<i aria-hidden=\"true\" class=\"fas fa-location-arrow\"><\/i>\t\t\t\t<\/a>\n\t\t\t<\/div>\n\t\t\t\n\t\t\t\t\t\t<div class=\"elementor-icon-box-content\">\n\n\t\t\t\t\t\t\t\t\t<h3 class=\"elementor-icon-box-title\">\n\t\t\t\t\t\t<a href=\"https:\/\/talleresrusogiraut.es\/gl\/taller\/\" >\n\t\t\t\t\t\t\tO teu taller en Negreira\t\t\t\t\t\t<\/a>\n\t\t\t\t\t<\/h3>\n\t\t\t\t\n\t\t\t\t\t\t\t\t\t<p class=\"elementor-icon-box-description\">\n\t\t\t\t\t\tSe resides en <b>Negreira<\/b> ou  nos arredores (<b>Bertamir\u00e1ns, A Ba\u00f1a\u2026<\/b>) non sigas buscando taller en Negreira porque aqu\u00ed est\u00e1 o mellor equipo de profesionais.<br><br>\n\nLembra que <b>Ofrecemos todos os servizos de taller<\/b> o que necesitas para ter sempre o teu veh\u00edculo ben coidado e nas mellores mans.<br><br>\n\nEstamos sempre \u00e1 vosa disposici\u00f3n. <b>Ch\u00e1manos ao 615 97 78 00<\/b> e c\u00f3ntanos o que necesitas. Resolveremos a s\u00faa avar\u00eda o m\u00e1is r\u00e1pido posible.\t\t\t\t\t<\/p>\n\t\t\t\t\n\t\t\t<\/div>\n\t\t\t\n\t\t<\/div>\n\t\t\t\t\t\t<\/div>\n\t\t\t\t<\/div>\n\t\t\t\t\t<\/div>\n\t\t<\/div>\n\t\t\t\t\t<\/div>\n\t\t<\/section>\n\t\t\t\t<section class=\"elementor-section elementor-inner-section elementor-element elementor-element-7899b9c elementor-section-content-middle elementor-section-boxed elementor-section-height-default elementor-section-height-default\" data-id=\"7899b9c\" data-element_type=\"section\">\n\t\t\t\t\t\t<div class=\"elementor-container elementor-column-gap-default\">\n\t\t\t\t\t<div class=\"elementor-column elementor-col-100 elementor-inner-column elementor-element elementor-element-12a2e54\" data-id=\"12a2e54\" data-element_type=\"column\" data-settings=\"{&quot;background_background&quot;:&quot;classic&quot;}\">\n\t\t\t<div class=\"elementor-widget-wrap elementor-element-populated\">\n\t\t\t\t\t\t<div class=\"elementor-element elementor-element-f65d417 elementor-widget elementor-widget-spacer\" data-id=\"f65d417\" data-element_type=\"widget\" data-widget_type=\"spacer.default\">\n\t\t\t\t<div class=\"elementor-widget-container\">\n\t\t\t\t\t\t\t<div class=\"elementor-spacer\">\n\t\t\t<div class=\"elementor-spacer-inner\"><\/div>\n\t\t<\/div>\n\t\t\t\t\t\t<\/div>\n\t\t\t\t<\/div>\n\t\t\t\t<div class=\"elementor-element elementor-element-4c7b595 elementor-view-default elementor-position-top elementor-mobile-position-top elementor-widget elementor-widget-icon-box\" data-id=\"4c7b595\" data-element_type=\"widget\" data-widget_type=\"icon-box.default\">\n\t\t\t\t<div class=\"elementor-widget-container\">\n\t\t\t\t\t\t\t<div class=\"elementor-icon-box-wrapper\">\n\n\t\t\t\t\t\t<div class=\"elementor-icon-box-icon\">\n\t\t\t\t<a href=\"https:\/\/talleresrusogiraut.es\/gl\/taller\/\" class=\"elementor-icon\" tabindex=\"-1\" aria-label=\"Comodidade para o cliente\">\n\t\t\t\t<i aria-hidden=\"true\" class=\"far fa-hand-peace\"><\/i>\t\t\t\t<\/a>\n\t\t\t<\/div>\n\t\t\t\n\t\t\t\t\t\t<div class=\"elementor-icon-box-content\">\n\n\t\t\t\t\t\t\t\t\t<h3 class=\"elementor-icon-box-title\">\n\t\t\t\t\t\t<a href=\"https:\/\/talleresrusogiraut.es\/gl\/taller\/\" >\n\t\t\t\t\t\t\tComodidade para o cliente\t\t\t\t\t\t<\/a>\n\t\t\t\t\t<\/h3>\n\t\t\t\t\n\t\t\t\t\t\t\t\t\t<p class=\"elementor-icon-box-description\">\n\t\t\t\t\t\tAdem\u00e1is, sempre tratamos de ofrecer as <b>m\u00e1ximas comodidades<\/b> posibles aos  nosos clientes. Porque podes traernos o teu veh\u00edculo ou podemos pasar n\u00f3s mesmos tanto a recollelo como a entregalo.\n<br><br>\nE incluso ofrecemos <b>coche de substituci\u00f3n<\/b>, para que nob est\u00e9as sen coche ainda que deixaras el teu a arranxar no taller.\n<br><br>\nPolo que se buscas un <b>taller de confianza<\/b> e cunha relaci\u00f3n calidade-prezo magn\u00edfica, somos o equipo que precisas.\t\t\t\t\t<\/p>\n\t\t\t\t\n\t\t\t<\/div>\n\t\t\t\n\t\t<\/div>\n\t\t\t\t\t\t<\/div>\n\t\t\t\t<\/div>\n\t\t\t\t\t<\/div>\n\t\t<\/div>\n\t\t\t\t\t<\/div>\n\t\t<\/section>\n\t\t\t\t\t<\/div>\n\t\t<\/div>\n\t\t\t\t\t<\/div>\n\t\t<\/section>\n\t\t\t\t<section class=\"elementor-section elementor-top-section elementor-element elementor-element-8970628 elementor-section-content-middle elementor-section-boxed elementor-section-height-default elementor-section-height-default\" data-id=\"8970628\" data-element_type=\"section\" data-settings=\"{&quot;background_background&quot;:&quot;classic&quot;}\">\n\t\t\t\t\t\t<div class=\"elementor-container elementor-column-gap-default\">\n\t\t\t\t\t<div class=\"elementor-column elementor-col-50 elementor-top-column elementor-element elementor-element-c8e0d28\" data-id=\"c8e0d28\" data-element_type=\"column\">\n\t\t\t<div class=\"elementor-widget-wrap elementor-element-populated\">\n\t\t\t\t\t\t<div class=\"elementor-element elementor-element-660263d elementor-widget elementor-widget-text-editor\" data-id=\"660263d\" data-element_type=\"widget\" data-widget_type=\"text-editor.default\">\n\t\t\t\t<div class=\"elementor-widget-container\">\n\t\t\t\t\t\t\t\t\t<p><strong>Necesitas un servizo de taller ou unha cita?<\/strong><\/p>\t\t\t\t\t\t\t\t<\/div>\n\t\t\t\t<\/div>\n\t\t\t\t\t<\/div>\n\t\t<\/div>\n\t\t\t\t<div class=\"elementor-column elementor-col-50 elementor-top-column elementor-element elementor-element-a641003\" data-id=\"a641003\" data-element_type=\"column\">\n\t\t\t<div class=\"elementor-widget-wrap elementor-element-populated\">\n\t\t\t\t\t\t<div class=\"elementor-element elementor-element-b10456c elementor-align-center elementor-widget__width-initial elementor-widget elementor-widget-button\" data-id=\"b10456c\" data-element_type=\"widget\" data-widget_type=\"button.default\">\n\t\t\t\t<div class=\"elementor-widget-container\">\n\t\t\t\t\t\t\t\t\t<div class=\"elementor-button-wrapper\">\n\t\t\t\t\t<a class=\"elementor-button elementor-button-link elementor-size-lg\" href=\"tel:+34615977800\">\n\t\t\t\t\t\t<span class=\"elementor-button-content-wrapper\">\n\t\t\t\t\t\t\t\t\t<span class=\"elementor-button-text\">Ch\u00e1manos ao 615 97 78 00<\/span>\n\t\t\t\t\t<\/span>\n\t\t\t\t\t<\/a>\n\t\t\t\t<\/div>\n\t\t\t\t\t\t\t\t<\/div>\n\t\t\t\t<\/div>\n\t\t\t\t\t<\/div>\n\t\t<\/div>\n\t\t\t\t\t<\/div>\n\t\t<\/section>\n\t\t\t\t<\/div>","protected":false},"excerpt":{"rendered":"<p>Sobre nosotros +60 a\u00f1os de experiencia en el sector \u00bfPor qu\u00e9 ESCOGERNOS? Tu taller de confianza Somos conscientes de que al momento de elegir un taller de confianza, los clientes siempre optan por el boca a boca o buscan opiniones en Internet. Es normal, dado que quieres dejar tu veh\u00edculo en las mejores manos posibles&hellip;&nbsp;<a href=\"https:\/\/talleresrusogiraut.es\/gl\/sobre_nosotros\/\" rel=\"bookmark\">Read More &raquo;<span class=\"screen-reader-text\">Sobre N\u00f3s<\/span><\/a><\/p>","protected":false},"author":1,"featured_media":0,"parent":0,"menu_order":0,"comment_status":"closed","ping_status":"closed","template":"page-templates\/template-pagebuilder-full-width.php","meta":{"neve_meta_sidebar":"","neve_meta_container":"","neve_meta_enable_content_width":"","neve_meta_content_width":0,"neve_meta_title_alignment":"","neve_meta_author_avatar":"","neve_post_elements_order":"","neve_meta_disable_header":"off","neve_meta_disable_footer":"","neve_meta_disable_title":"on","neve_meta_reading_time":"","_ti_tpc_template_sync":false,"_ti_tpc_template_id":"moclpv4ujhpcykxxihld","footnotes":""},"class_list":["post-4285","page","type-page","status-publish","hentry"],"yoast_head":"<!-- This site is optimized with the Yoast SEO plugin v24.2 - https:\/\/yoast.com\/wordpress\/plugins\/seo\/ -->\n<title>Sobre Nosotros - Talleres Ruso Giraut<\/title>\n<meta name=\"description\" content=\"En Talleres Ruso Giraut ofrecemos los mejores servicios de taller, abarcando las \u00e1reas de mec\u00e1nica, chapa, pintura y electricidad.\" \/>\n<meta name=\"robots\" content=\"index, follow, max-snippet:-1, max-image-preview:large, max-video-preview:-1\" \/>\n<link rel=\"canonical\" href=\"https:\/\/talleresrusogiraut.es\/gl\/sobre_nosotros\/\" \/>\n<meta property=\"og:locale\" content=\"gl_ES\" \/>\n<meta property=\"og:type\" content=\"article\" \/>\n<meta property=\"og:title\" content=\"Sobre Nosotros - Talleres Ruso Giraut\" \/>\n<meta property=\"og:description\" content=\"En Talleres Ruso Giraut ofrecemos los mejores servicios de taller, abarcando las \u00e1reas de mec\u00e1nica, chapa, pintura y electricidad.\" \/>\n<meta property=\"og:url\" content=\"https:\/\/talleresrusogiraut.es\/gl\/sobre_nosotros\/\" \/>\n<meta property=\"og:site_name\" content=\"Talleres Ruso Giraut\" \/>\n<meta property=\"article:publisher\" content=\"https:\/\/www.facebook.com\/TalleresChancela\/\" \/>\n<meta property=\"article:modified_time\" content=\"2024-09-05T16:54:36+00:00\" \/>\n<meta name=\"twitter:card\" content=\"summary_large_image\" \/>\n<meta name=\"twitter:label1\" content=\"Tempo de lectura\" \/>\n\t<meta name=\"twitter:data1\" content=\"1 minuto\" \/>\n<script type=\"application\/ld+json\" class=\"yoast-schema-graph\">{\"@context\":\"https:\/\/schema.org\",\"@graph\":[{\"@type\":\"WebPage\",\"@id\":\"https:\/\/talleresrusogiraut.es\/sobre_nosotros\/\",\"url\":\"https:\/\/talleresrusogiraut.es\/sobre_nosotros\/\",\"name\":\"Sobre Nosotros - Talleres Ruso Giraut\",\"isPartOf\":{\"@id\":\"https:\/\/talleresrusogiraut.es\/#website\"},\"datePublished\":\"2023-09-27T17:12:07+00:00\",\"dateModified\":\"2024-09-05T16:54:36+00:00\",\"description\":\"En Talleres Ruso Giraut ofrecemos los mejores servicios de taller, abarcando las \u00e1reas de mec\u00e1nica, chapa, pintura y electricidad.\",\"breadcrumb\":{\"@id\":\"https:\/\/talleresrusogiraut.es\/sobre_nosotros\/#breadcrumb\"},\"inLanguage\":\"gl-ES\",\"potentialAction\":[{\"@type\":\"ReadAction\",\"target\":[\"https:\/\/talleresrusogiraut.es\/sobre_nosotros\/\"]}]},{\"@type\":\"BreadcrumbList\",\"@id\":\"https:\/\/talleresrusogiraut.es\/sobre_nosotros\/#breadcrumb\",\"itemListElement\":[{\"@type\":\"ListItem\",\"position\":1,\"name\":\"Portada\",\"item\":\"https:\/\/talleresrusogiraut.es\/\"},{\"@type\":\"ListItem\",\"position\":2,\"name\":\"Sobre Nosotros\"}]},{\"@type\":\"WebSite\",\"@id\":\"https:\/\/talleresrusogiraut.es\/#website\",\"url\":\"https:\/\/talleresrusogiraut.es\/\",\"name\":\"Talleres Ruso Giraut\",\"description\":\"Talleres Ruso Giraut\",\"publisher\":{\"@id\":\"https:\/\/talleresrusogiraut.es\/#organization\"},\"potentialAction\":[{\"@type\":\"SearchAction\",\"target\":{\"@type\":\"EntryPoint\",\"urlTemplate\":\"https:\/\/talleresrusogiraut.es\/?s={search_term_string}\"},\"query-input\":{\"@type\":\"PropertyValueSpecification\",\"valueRequired\":true,\"valueName\":\"search_term_string\"}}],\"inLanguage\":\"gl-ES\"},{\"@type\":\"Organization\",\"@id\":\"https:\/\/talleresrusogiraut.es\/#organization\",\"name\":\"Talleres Ruso Giraut\",\"url\":\"https:\/\/talleresrusogiraut.es\/\",\"logo\":{\"@type\":\"ImageObject\",\"inLanguage\":\"gl-ES\",\"@id\":\"https:\/\/talleresrusogiraut.es\/#\/schema\/logo\/image\/\",\"url\":\"https:\/\/talleresrusogiraut.es\/wp-content\/uploads\/2023\/07\/cropped-cropped-grupo-chancela-logo-vertical-fondo-negro-1.png\",\"contentUrl\":\"https:\/\/talleresrusogiraut.es\/wp-content\/uploads\/2023\/07\/cropped-cropped-grupo-chancela-logo-vertical-fondo-negro-1.png\",\"width\":200,\"height\":175,\"caption\":\"Talleres Ruso Giraut\"},\"image\":{\"@id\":\"https:\/\/talleresrusogiraut.es\/#\/schema\/logo\/image\/\"},\"sameAs\":[\"https:\/\/www.facebook.com\/TalleresChancela\/\",\"https:\/\/www.instagram.com\/grupochancela\/\"]}]}<\/script>\n<!-- \/ Yoast SEO plugin. -->","yoast_head_json":{"title":"Sobre Nosotros - Talleres Ruso Giraut","description":"En Talleres Ruso Giraut ofrecemos los mejores servicios de taller, abarcando las \u00e1reas de mec\u00e1nica, chapa, pintura y electricidad.","robots":{"index":"index","follow":"follow","max-snippet":"max-snippet:-1","max-image-preview":"max-image-preview:large","max-video-preview":"max-video-preview:-1"},"canonical":"https:\/\/talleresrusogiraut.es\/gl\/sobre_nosotros\/","og_locale":"gl_ES","og_type":"article","og_title":"Sobre Nosotros - Talleres Ruso Giraut","og_description":"En Talleres Ruso Giraut ofrecemos los mejores servicios de taller, abarcando las \u00e1reas de mec\u00e1nica, chapa, pintura y electricidad.","og_url":"https:\/\/talleresrusogiraut.es\/gl\/sobre_nosotros\/","og_site_name":"Talleres Ruso Giraut","article_publisher":"https:\/\/www.facebook.com\/TalleresChancela\/","article_modified_time":"2024-09-05T16:54:36+00:00","twitter_card":"summary_large_image","twitter_misc":{"Tempo de lectura":"1 minuto"},"schema":{"@context":"https:\/\/schema.org","@graph":[{"@type":"WebPage","@id":"https:\/\/talleresrusogiraut.es\/sobre_nosotros\/","url":"https:\/\/talleresrusogiraut.es\/sobre_nosotros\/","name":"Sobre Nosotros - Talleres Ruso Giraut","isPartOf":{"@id":"https:\/\/talleresrusogiraut.es\/#website"},"datePublished":"2023-09-27T17:12:07+00:00","dateModified":"2024-09-05T16:54:36+00:00","description":"En Talleres Ruso Giraut ofrecemos los mejores servicios de taller, abarcando las \u00e1reas de mec\u00e1nica, chapa, pintura y electricidad.","breadcrumb":{"@id":"https:\/\/talleresrusogiraut.es\/sobre_nosotros\/#breadcrumb"},"inLanguage":"gl-ES","potentialAction":[{"@type":"ReadAction","target":["https:\/\/talleresrusogiraut.es\/sobre_nosotros\/"]}]},{"@type":"BreadcrumbList","@id":"https:\/\/talleresrusogiraut.es\/sobre_nosotros\/#breadcrumb","itemListElement":[{"@type":"ListItem","position":1,"name":"Portada","item":"https:\/\/talleresrusogiraut.es\/"},{"@type":"ListItem","position":2,"name":"Sobre Nosotros"}]},{"@type":"WebSite","@id":"https:\/\/talleresrusogiraut.es\/#website","url":"https:\/\/talleresrusogiraut.es\/","name":"Talleres Ruso Giraut","description":"Talleres Ruso Giraut","publisher":{"@id":"https:\/\/talleresrusogiraut.es\/#organization"},"potentialAction":[{"@type":"SearchAction","target":{"@type":"EntryPoint","urlTemplate":"https:\/\/talleresrusogiraut.es\/?s={search_term_string}"},"query-input":{"@type":"PropertyValueSpecification","valueRequired":true,"valueName":"search_term_string"}}],"inLanguage":"gl-ES"},{"@type":"Organization","@id":"https:\/\/talleresrusogiraut.es\/#organization","name":"Talleres Ruso Giraut","url":"https:\/\/talleresrusogiraut.es\/","logo":{"@type":"ImageObject","inLanguage":"gl-ES","@id":"https:\/\/talleresrusogiraut.es\/#\/schema\/logo\/image\/","url":"https:\/\/talleresrusogiraut.es\/wp-content\/uploads\/2023\/07\/cropped-cropped-grupo-chancela-logo-vertical-fondo-negro-1.png","contentUrl":"https:\/\/talleresrusogiraut.es\/wp-content\/uploads\/2023\/07\/cropped-cropped-grupo-chancela-logo-vertical-fondo-negro-1.png","width":200,"height":175,"caption":"Talleres Ruso Giraut"},"image":{"@id":"https:\/\/talleresrusogiraut.es\/#\/schema\/logo\/image\/"},"sameAs":["https:\/\/www.facebook.com\/TalleresChancela\/","https:\/\/www.instagram.com\/grupochancela\/"]}]}},"_links":{"self":[{"href":"https:\/\/talleresrusogiraut.es\/gl\/wp-json\/wp\/v2\/pages\/4285","targetHints":{"allow":["GET"]}}],"collection":[{"href":"https:\/\/talleresrusogiraut.es\/gl\/wp-json\/wp\/v2\/pages"}],"about":[{"href":"https:\/\/talleresrusogiraut.es\/gl\/wp-json\/wp\/v2\/types\/page"}],"author":[{"embeddable":true,"href":"https:\/\/talleresrusogiraut.es\/gl\/wp-json\/wp\/v2\/users\/1"}],"replies":[{"embeddable":true,"href":"https:\/\/talleresrusogiraut.es\/gl\/wp-json\/wp\/v2\/comments?post=4285"}],"version-history":[{"count":7,"href":"https:\/\/talleresrusogiraut.es\/gl\/wp-json\/wp\/v2\/pages\/4285\/revisions"}],"predecessor-version":[{"id":4536,"href":"https:\/\/talleresrusogiraut.es\/gl\/wp-json\/wp\/v2\/pages\/4285\/revisions\/4536"}],"wp:attachment":[{"href":"https:\/\/talleresrusogiraut.es\/gl\/wp-json\/wp\/v2\/media?parent=4285"}],"curies":[{"name":"wp","href":"https:\/\/api.w.org\/{rel}","templated":true}]}}