{"id":3925,"date":"2022-08-26T03:50:26","date_gmt":"2022-08-26T03:50:26","guid":{"rendered":"https:\/\/demosites.io\/real-estate-agency\/?page_id=3925"},"modified":"2024-09-05T16:51:18","modified_gmt":"2024-09-05T16:51:18","slug":"contacto","status":"publish","type":"page","link":"https:\/\/talleresrusogiraut.es\/gl\/contacto\/","title":{"rendered":"Contacto"},"content":{"rendered":"<div data-elementor-type=\"wp-page\" data-elementor-id=\"3925\" class=\"elementor elementor-3925\">\n\t\t\t\t\t\t<section class=\"elementor-section elementor-top-section elementor-element elementor-element-1c579bd elementor-section-full_width elementor-section-height-min-height elementor-section-height-default elementor-section-items-middle\" data-id=\"1c579bd\" data-element_type=\"section\" data-settings=\"{&quot;background_background&quot;:&quot;classic&quot;}\">\n\t\t\t\t\t\t\t<div class=\"elementor-background-overlay\"><\/div>\n\t\t\t\t\t\t\t<div class=\"elementor-container elementor-column-gap-default\">\n\t\t\t\t\t<div class=\"elementor-column elementor-col-100 elementor-top-column elementor-element elementor-element-e06c1a0\" data-id=\"e06c1a0\" data-element_type=\"column\">\n\t\t\t<div class=\"elementor-widget-wrap elementor-element-populated\">\n\t\t\t\t\t\t<section class=\"elementor-section elementor-inner-section elementor-element elementor-element-393f418 elementor-section-boxed elementor-section-height-default elementor-section-height-default\" data-id=\"393f418\" data-element_type=\"section\" data-settings=\"{&quot;background_background&quot;:&quot;classic&quot;}\">\n\t\t\t\t\t\t\t<div class=\"elementor-background-overlay\"><\/div>\n\t\t\t\t\t\t\t<div class=\"elementor-container elementor-column-gap-default\">\n\t\t\t\t\t<div class=\"elementor-column elementor-col-100 elementor-inner-column elementor-element elementor-element-31049dd\" data-id=\"31049dd\" data-element_type=\"column\">\n\t\t\t<div class=\"elementor-widget-wrap elementor-element-populated\">\n\t\t\t\t\t\t<div class=\"elementor-element elementor-element-24e63ab elementor-widget__width-initial elementor-widget elementor-widget-heading\" data-id=\"24e63ab\" data-element_type=\"widget\" data-widget_type=\"heading.default\">\n\t\t\t\t<div class=\"elementor-widget-container\">\n\t\t\t\t\t<h1 class=\"elementor-heading-title elementor-size-default\">Contacta con n\u00f3s<\/h1>\t\t\t\t<\/div>\n\t\t\t\t<\/div>\n\t\t\t\t\t<\/div>\n\t\t<\/div>\n\t\t\t\t\t<\/div>\n\t\t<\/section>\n\t\t\t\t\t<\/div>\n\t\t<\/div>\n\t\t\t\t\t<\/div>\n\t\t<\/section>\n\t\t\t\t<section class=\"elementor-section elementor-top-section elementor-element elementor-element-db9fc38 elementor-section-boxed elementor-section-height-default elementor-section-height-default\" data-id=\"db9fc38\" data-element_type=\"section\">\n\t\t\t\t\t\t<div class=\"elementor-container elementor-column-gap-default\">\n\t\t\t\t\t<div class=\"elementor-column elementor-col-33 elementor-top-column elementor-element elementor-element-f346f11\" data-id=\"f346f11\" data-element_type=\"column\">\n\t\t\t<div class=\"elementor-widget-wrap elementor-element-populated\">\n\t\t\t\t\t\t<div class=\"elementor-element elementor-element-514f54c elementor-view-default elementor-position-top elementor-mobile-position-top elementor-widget elementor-widget-icon-box\" data-id=\"514f54c\" data-element_type=\"widget\" data-widget_type=\"icon-box.default\">\n\t\t\t\t<div class=\"elementor-widget-container\">\n\t\t\t\t\t\t\t<div class=\"elementor-icon-box-wrapper\">\n\n\t\t\t\t\t\t<div class=\"elementor-icon-box-icon\">\n\t\t\t\t<span  class=\"elementor-icon\">\n\t\t\t\t<i aria-hidden=\"true\" class=\"fas fa-map-marker-alt\"><\/i>\t\t\t\t<\/span>\n\t\t\t<\/div>\n\t\t\t\n\t\t\t\t\t\t<div class=\"elementor-icon-box-content\">\n\n\t\t\t\t\t\t\t\t\t<h3 class=\"elementor-icon-box-title\">\n\t\t\t\t\t\t<span  >\n\t\t\t\t\t\t\tVis\u00edtanos\t\t\t\t\t\t<\/span>\n\t\t\t\t\t<\/h3>\n\t\t\t\t\n\t\t\t\t\t\t\t\t\t<p class=\"elementor-icon-box-description\">\n\t\t\t\t\t\tLG ARIEIRA, S\/N 15830 Negreira A Coru\u00f1a,\t\t\t\t\t<\/p>\n\t\t\t\t\n\t\t\t<\/div>\n\t\t\t\n\t\t<\/div>\n\t\t\t\t\t\t<\/div>\n\t\t\t\t<\/div>\n\t\t\t\t\t<\/div>\n\t\t<\/div>\n\t\t\t\t<div class=\"elementor-column elementor-col-33 elementor-top-column elementor-element elementor-element-5b53c8c\" data-id=\"5b53c8c\" data-element_type=\"column\">\n\t\t\t<div class=\"elementor-widget-wrap elementor-element-populated\">\n\t\t\t\t\t\t<div class=\"elementor-element elementor-element-4683173 elementor-view-default elementor-position-top elementor-mobile-position-top elementor-widget elementor-widget-icon-box\" data-id=\"4683173\" data-element_type=\"widget\" data-widget_type=\"icon-box.default\">\n\t\t\t\t<div class=\"elementor-widget-container\">\n\t\t\t\t\t\t\t<div class=\"elementor-icon-box-wrapper\">\n\n\t\t\t\t\t\t<div class=\"elementor-icon-box-icon\">\n\t\t\t\t<a href=\"tel:+34615977800\" class=\"elementor-icon\" tabindex=\"-1\" aria-label=\"Ch\u00e1manos\">\n\t\t\t\t<i aria-hidden=\"true\" class=\"fas fa-phone-alt\"><\/i>\t\t\t\t<\/a>\n\t\t\t<\/div>\n\t\t\t\n\t\t\t\t\t\t<div class=\"elementor-icon-box-content\">\n\n\t\t\t\t\t\t\t\t\t<h3 class=\"elementor-icon-box-title\">\n\t\t\t\t\t\t<a href=\"tel:+34615977800\" >\n\t\t\t\t\t\t\tCh\u00e1manos\t\t\t\t\t\t<\/a>\n\t\t\t\t\t<\/h3>\n\t\t\t\t\n\t\t\t\t\t\t\t\t\t<p class=\"elementor-icon-box-description\">\n\t\t\t\t\t\t615 97 78 00\t\t\t\t\t<\/p>\n\t\t\t\t\n\t\t\t<\/div>\n\t\t\t\n\t\t<\/div>\n\t\t\t\t\t\t<\/div>\n\t\t\t\t<\/div>\n\t\t\t\t\t<\/div>\n\t\t<\/div>\n\t\t\t\t<div class=\"elementor-column elementor-col-33 elementor-top-column elementor-element elementor-element-39ea42e\" data-id=\"39ea42e\" data-element_type=\"column\">\n\t\t\t<div class=\"elementor-widget-wrap elementor-element-populated\">\n\t\t\t\t\t\t<div class=\"elementor-element elementor-element-f98e175 elementor-view-default elementor-position-top elementor-mobile-position-top elementor-widget elementor-widget-icon-box\" data-id=\"f98e175\" data-element_type=\"widget\" data-widget_type=\"icon-box.default\">\n\t\t\t\t<div class=\"elementor-widget-container\">\n\t\t\t\t\t\t\t<div class=\"elementor-icon-box-wrapper\">\n\n\t\t\t\t\t\t<div class=\"elementor-icon-box-icon\">\n\t\t\t\t<a href=\"mailto:ruso@ruso.redpeugeot.com?subject=Consulta\" class=\"elementor-icon\" tabindex=\"-1\" aria-label=\"Env\u00edanos un email\">\n\t\t\t\t<i aria-hidden=\"true\" class=\"far fa-envelope\"><\/i>\t\t\t\t<\/a>\n\t\t\t<\/div>\n\t\t\t\n\t\t\t\t\t\t<div class=\"elementor-icon-box-content\">\n\n\t\t\t\t\t\t\t\t\t<h3 class=\"elementor-icon-box-title\">\n\t\t\t\t\t\t<a href=\"mailto:ruso@ruso.redpeugeot.com?subject=Consulta\" >\n\t\t\t\t\t\t\tEnv\u00edanos un email\t\t\t\t\t\t<\/a>\n\t\t\t\t\t<\/h3>\n\t\t\t\t\n\t\t\t\t\t\t\t\t\t<p class=\"elementor-icon-box-description\">\n\t\t\t\t\t\truso@ruso.redpeugeot.com\t\t\t\t\t<\/p>\n\t\t\t\t\n\t\t\t<\/div>\n\t\t\t\n\t\t<\/div>\n\t\t\t\t\t\t<\/div>\n\t\t\t\t<\/div>\n\t\t\t\t\t<\/div>\n\t\t<\/div>\n\t\t\t\t\t<\/div>\n\t\t<\/section>\n\t\t\t\t<section class=\"elementor-section elementor-top-section elementor-element elementor-element-40e4af5 elementor-section-full_width elementor-section-height-default elementor-section-height-default\" data-id=\"40e4af5\" data-element_type=\"section\" data-settings=\"{&quot;background_background&quot;:&quot;classic&quot;}\">\n\t\t\t\t\t\t<div class=\"elementor-container elementor-column-gap-default\">\n\t\t\t\t\t<div class=\"elementor-column elementor-col-100 elementor-top-column elementor-element elementor-element-ceb3e8d\" data-id=\"ceb3e8d\" data-element_type=\"column\">\n\t\t\t<div class=\"elementor-widget-wrap elementor-element-populated\">\n\t\t\t\t\t\t<div class=\"elementor-element elementor-element-f761554 elementor-widget elementor-widget-google_maps\" data-id=\"f761554\" data-element_type=\"widget\" data-widget_type=\"google_maps.default\">\n\t\t\t\t<div class=\"elementor-widget-container\">\n\t\t\t\t\t\t\t<div class=\"elementor-custom-embed\">\n\t\t\t<iframe loading=\"lazy\"\n\t\t\t\t\tsrc=\"https:\/\/maps.google.com\/maps?q=Talleres%20Ruso%20Giraut&#038;t=m&#038;z=16&#038;output=embed&#038;iwloc=near\"\n\t\t\t\t\ttitle=\"Talleres Ruso Giraut\"\n\t\t\t\t\taria-label=\"Talleres Ruso Giraut\"\n\t\t\t><\/iframe>\n\t\t<\/div>\n\t\t\t\t\t\t<\/div>\n\t\t\t\t<\/div>\n\t\t\t\t\t<\/div>\n\t\t<\/div>\n\t\t\t\t\t<\/div>\n\t\t<\/section>\n\t\t\t\t<\/div>","protected":false},"excerpt":{"rendered":"<p>Contacta con nosotros Vis\u00edtanos LG ARIEIRA, S\/N 15830 Negreira A Coru\u00f1a, Ll\u00e1manos 615 97 78 00 Env\u00edanos un email ruso@ruso.redpeugeot.com<\/p>","protected":false},"author":1,"featured_media":0,"parent":0,"menu_order":0,"comment_status":"closed","ping_status":"closed","template":"page-templates\/template-pagebuilder-full-width.php","meta":{"neve_meta_sidebar":"","neve_meta_container":"","neve_meta_enable_content_width":"","neve_meta_content_width":0,"neve_meta_title_alignment":"","neve_meta_author_avatar":"","neve_post_elements_order":"","neve_meta_disable_header":"","neve_meta_disable_footer":"","neve_meta_disable_title":"","neve_meta_reading_time":"","_ti_tpc_template_sync":false,"_ti_tpc_template_id":"torrn5gwdppdmy94r8om","footnotes":""},"class_list":["post-3925","page","type-page","status-publish","hentry"],"yoast_head":"<!-- This site is optimized with the Yoast SEO plugin v24.2 - https:\/\/yoast.com\/wordpress\/plugins\/seo\/ -->\n<title>Contacto - Talleres Ruso Giraut<\/title>\n<meta name=\"description\" content=\"Tu destino para comprar coches de calidad. Encuentra el tuyo aqu\u00ed y ahora. Tu taller de confianza en Negreira.\" \/>\n<meta name=\"robots\" content=\"index, follow, max-snippet:-1, max-image-preview:large, max-video-preview:-1\" \/>\n<link rel=\"canonical\" href=\"https:\/\/talleresrusogiraut.es\/gl\/contacto\/\" \/>\n<meta property=\"og:locale\" content=\"gl_ES\" \/>\n<meta property=\"og:type\" content=\"article\" \/>\n<meta property=\"og:title\" content=\"Contacto - Talleres Ruso Giraut\" \/>\n<meta property=\"og:description\" content=\"Tu destino para comprar coches de calidad. Encuentra el tuyo aqu\u00ed y ahora. Tu taller de confianza en Negreira.\" \/>\n<meta property=\"og:url\" content=\"https:\/\/talleresrusogiraut.es\/gl\/contacto\/\" \/>\n<meta property=\"og:site_name\" content=\"Talleres Ruso Giraut\" \/>\n<meta property=\"article:publisher\" content=\"https:\/\/www.facebook.com\/TalleresChancela\/\" \/>\n<meta property=\"article:modified_time\" content=\"2024-09-05T16:51:18+00:00\" \/>\n<meta name=\"twitter:card\" content=\"summary_large_image\" \/>\n<meta name=\"twitter:label1\" content=\"Tempo de lectura\" \/>\n\t<meta name=\"twitter:data1\" content=\"1 minuto\" \/>\n<script type=\"application\/ld+json\" class=\"yoast-schema-graph\">{\"@context\":\"https:\/\/schema.org\",\"@graph\":[{\"@type\":\"WebPage\",\"@id\":\"https:\/\/talleresrusogiraut.es\/contacto\/\",\"url\":\"https:\/\/talleresrusogiraut.es\/contacto\/\",\"name\":\"Contacto - Talleres Ruso Giraut\",\"isPartOf\":{\"@id\":\"https:\/\/talleresrusogiraut.es\/#website\"},\"datePublished\":\"2022-08-26T03:50:26+00:00\",\"dateModified\":\"2024-09-05T16:51:18+00:00\",\"description\":\"Tu destino para comprar coches de calidad. Encuentra el tuyo aqu\u00ed y ahora. Tu taller de confianza en Negreira.\",\"breadcrumb\":{\"@id\":\"https:\/\/talleresrusogiraut.es\/contacto\/#breadcrumb\"},\"inLanguage\":\"gl-ES\",\"potentialAction\":[{\"@type\":\"ReadAction\",\"target\":[\"https:\/\/talleresrusogiraut.es\/contacto\/\"]}]},{\"@type\":\"BreadcrumbList\",\"@id\":\"https:\/\/talleresrusogiraut.es\/contacto\/#breadcrumb\",\"itemListElement\":[{\"@type\":\"ListItem\",\"position\":1,\"name\":\"Portada\",\"item\":\"https:\/\/talleresrusogiraut.es\/\"},{\"@type\":\"ListItem\",\"position\":2,\"name\":\"Contacto\"}]},{\"@type\":\"WebSite\",\"@id\":\"https:\/\/talleresrusogiraut.es\/#website\",\"url\":\"https:\/\/talleresrusogiraut.es\/\",\"name\":\"Talleres Ruso Giraut\",\"description\":\"Talleres Ruso Giraut\",\"publisher\":{\"@id\":\"https:\/\/talleresrusogiraut.es\/#organization\"},\"potentialAction\":[{\"@type\":\"SearchAction\",\"target\":{\"@type\":\"EntryPoint\",\"urlTemplate\":\"https:\/\/talleresrusogiraut.es\/?s={search_term_string}\"},\"query-input\":{\"@type\":\"PropertyValueSpecification\",\"valueRequired\":true,\"valueName\":\"search_term_string\"}}],\"inLanguage\":\"gl-ES\"},{\"@type\":\"Organization\",\"@id\":\"https:\/\/talleresrusogiraut.es\/#organization\",\"name\":\"Talleres Ruso Giraut\",\"url\":\"https:\/\/talleresrusogiraut.es\/\",\"logo\":{\"@type\":\"ImageObject\",\"inLanguage\":\"gl-ES\",\"@id\":\"https:\/\/talleresrusogiraut.es\/#\/schema\/logo\/image\/\",\"url\":\"https:\/\/talleresrusogiraut.es\/wp-content\/uploads\/2023\/07\/cropped-cropped-grupo-chancela-logo-vertical-fondo-negro-1.png\",\"contentUrl\":\"https:\/\/talleresrusogiraut.es\/wp-content\/uploads\/2023\/07\/cropped-cropped-grupo-chancela-logo-vertical-fondo-negro-1.png\",\"width\":200,\"height\":175,\"caption\":\"Talleres Ruso Giraut\"},\"image\":{\"@id\":\"https:\/\/talleresrusogiraut.es\/#\/schema\/logo\/image\/\"},\"sameAs\":[\"https:\/\/www.facebook.com\/TalleresChancela\/\",\"https:\/\/www.instagram.com\/grupochancela\/\"]}]}<\/script>\n<!-- \/ Yoast SEO plugin. -->","yoast_head_json":{"title":"Contacto - Talleres Ruso Giraut","description":"Tu destino para comprar coches de calidad. Encuentra el tuyo aqu\u00ed y ahora. Tu taller de confianza en Negreira.","robots":{"index":"index","follow":"follow","max-snippet":"max-snippet:-1","max-image-preview":"max-image-preview:large","max-video-preview":"max-video-preview:-1"},"canonical":"https:\/\/talleresrusogiraut.es\/gl\/contacto\/","og_locale":"gl_ES","og_type":"article","og_title":"Contacto - Talleres Ruso Giraut","og_description":"Tu destino para comprar coches de calidad. Encuentra el tuyo aqu\u00ed y ahora. Tu taller de confianza en Negreira.","og_url":"https:\/\/talleresrusogiraut.es\/gl\/contacto\/","og_site_name":"Talleres Ruso Giraut","article_publisher":"https:\/\/www.facebook.com\/TalleresChancela\/","article_modified_time":"2024-09-05T16:51:18+00:00","twitter_card":"summary_large_image","twitter_misc":{"Tempo de lectura":"1 minuto"},"schema":{"@context":"https:\/\/schema.org","@graph":[{"@type":"WebPage","@id":"https:\/\/talleresrusogiraut.es\/contacto\/","url":"https:\/\/talleresrusogiraut.es\/contacto\/","name":"Contacto - Talleres Ruso Giraut","isPartOf":{"@id":"https:\/\/talleresrusogiraut.es\/#website"},"datePublished":"2022-08-26T03:50:26+00:00","dateModified":"2024-09-05T16:51:18+00:00","description":"Tu destino para comprar coches de calidad. Encuentra el tuyo aqu\u00ed y ahora. Tu taller de confianza en Negreira.","breadcrumb":{"@id":"https:\/\/talleresrusogiraut.es\/contacto\/#breadcrumb"},"inLanguage":"gl-ES","potentialAction":[{"@type":"ReadAction","target":["https:\/\/talleresrusogiraut.es\/contacto\/"]}]},{"@type":"BreadcrumbList","@id":"https:\/\/talleresrusogiraut.es\/contacto\/#breadcrumb","itemListElement":[{"@type":"ListItem","position":1,"name":"Portada","item":"https:\/\/talleresrusogiraut.es\/"},{"@type":"ListItem","position":2,"name":"Contacto"}]},{"@type":"WebSite","@id":"https:\/\/talleresrusogiraut.es\/#website","url":"https:\/\/talleresrusogiraut.es\/","name":"Talleres Ruso Giraut","description":"Talleres Ruso Giraut","publisher":{"@id":"https:\/\/talleresrusogiraut.es\/#organization"},"potentialAction":[{"@type":"SearchAction","target":{"@type":"EntryPoint","urlTemplate":"https:\/\/talleresrusogiraut.es\/?s={search_term_string}"},"query-input":{"@type":"PropertyValueSpecification","valueRequired":true,"valueName":"search_term_string"}}],"inLanguage":"gl-ES"},{"@type":"Organization","@id":"https:\/\/talleresrusogiraut.es\/#organization","name":"Talleres Ruso Giraut","url":"https:\/\/talleresrusogiraut.es\/","logo":{"@type":"ImageObject","inLanguage":"gl-ES","@id":"https:\/\/talleresrusogiraut.es\/#\/schema\/logo\/image\/","url":"https:\/\/talleresrusogiraut.es\/wp-content\/uploads\/2023\/07\/cropped-cropped-grupo-chancela-logo-vertical-fondo-negro-1.png","contentUrl":"https:\/\/talleresrusogiraut.es\/wp-content\/uploads\/2023\/07\/cropped-cropped-grupo-chancela-logo-vertical-fondo-negro-1.png","width":200,"height":175,"caption":"Talleres Ruso Giraut"},"image":{"@id":"https:\/\/talleresrusogiraut.es\/#\/schema\/logo\/image\/"},"sameAs":["https:\/\/www.facebook.com\/TalleresChancela\/","https:\/\/www.instagram.com\/grupochancela\/"]}]}},"_links":{"self":[{"href":"https:\/\/talleresrusogiraut.es\/gl\/wp-json\/wp\/v2\/pages\/3925","targetHints":{"allow":["GET"]}}],"collection":[{"href":"https:\/\/talleresrusogiraut.es\/gl\/wp-json\/wp\/v2\/pages"}],"about":[{"href":"https:\/\/talleresrusogiraut.es\/gl\/wp-json\/wp\/v2\/types\/page"}],"author":[{"embeddable":true,"href":"https:\/\/talleresrusogiraut.es\/gl\/wp-json\/wp\/v2\/users\/1"}],"replies":[{"embeddable":true,"href":"https:\/\/talleresrusogiraut.es\/gl\/wp-json\/wp\/v2\/comments?post=3925"}],"version-history":[{"count":3,"href":"https:\/\/talleresrusogiraut.es\/gl\/wp-json\/wp\/v2\/pages\/3925\/revisions"}],"predecessor-version":[{"id":4506,"href":"https:\/\/talleresrusogiraut.es\/gl\/wp-json\/wp\/v2\/pages\/3925\/revisions\/4506"}],"wp:attachment":[{"href":"https:\/\/talleresrusogiraut.es\/gl\/wp-json\/wp\/v2\/media?parent=3925"}],"curies":[{"name":"wp","href":"https:\/\/api.w.org\/{rel}","templated":true}]}}